{"id":863,"date":"2024-09-23T11:57:45","date_gmt":"2024-09-23T10:57:45","guid":{"rendered":"https:\/\/valencia.esperanto.es\/?page_id=863"},"modified":"2024-09-24T12:27:35","modified_gmt":"2024-09-24T10:27:35","slug":"concurso-ideas-cheste-2024","status":"publish","type":"page","link":"https:\/\/valencia.esperanto.es\/es\/agenda\/concurso-ideas-cheste-2024\/","title":{"rendered":"Concurso ideas para la difusi\u00f3n y desarrollo del esperanto \u00abFrancisco M\u00e1\u00f1ez\u00bb"},"content":{"rendered":"\n<p><strong>SOCIEDAD CULTURAL ATENEO LA ALIANZA DE CHESTE<\/strong><\/p>\n\n\n\n<p>La Sociedad Cultural Ateneo La Alianza de Cheste convoca, con la colaboraci\u00f3n del Ayuntamiento de Cheste, La Fundaci\u00f3n Cajacheste, el Grupo Esperantista LUMRADIO de Cheste y el Grupo Esperanto de Valencia, el presente concurso de ideas con las siguientes,<\/p>\n\n\n\n<p><strong>BASES&nbsp;<\/strong><\/p>\n\n\n\n<p><strong>1. Objetivo del concurso:<\/strong><\/p>\n\n\n\n<p>El concurso tiene como finalidad promover el esperanto a nivel global, invitando a todas las personas f\u00edsicas o jur\u00eddicas interesadas, a presentar ideas innovadoras que fomenten su aprendizaje, uso y reconocimiento.<\/p>\n\n\n\n<p><strong>2. Participantes:<\/strong><\/p>\n\n\n\n<p>Podr\u00e1n participar personas f\u00edsicas o jur\u00eddicas de cualquier nacionalidad.&nbsp;<\/p>\n\n\n\n<p>Deber\u00e1n identificarse con todos sus datos, incluido tel\u00e9fono, en el cuerpo del correo y no en el trabajo presentado.<\/p>\n\n\n\n<p>A efectos de control, se asignar\u00e1 a cada trabajo un n\u00famero de identificaci\u00f3n por orden de presentaci\u00f3n.<\/p>\n\n\n\n<p><strong>3. Tem\u00e1ticas:<\/strong><\/p>\n\n\n\n<p>Los trabajos pueden abordar, entre otros, los siguientes temas:<\/p>\n\n\n\n<ul class=\"wp-block-list\">\n<li>Programas educativos y recursos para el aprendizaje del esperanto.<\/li>\n\n\n\n<li>Herramientas digitales (aplicaciones, plataformas en l\u00ednea, juegos, etc.) que incentiven el uso del idioma.<\/li>\n\n\n\n<li>Proyectos culturales que integren el esperanto (teatro, m\u00fasica, literatura).<\/li>\n\n\n\n<li>Campa\u00f1as de sensibilizaci\u00f3n y divulgaci\u00f3n.<\/li>\n\n\n\n<li>Eventos internacionales que promuevan el esperanto.<\/li>\n<\/ul>\n\n\n\n<p><strong>4. Requisitos de la propuesta:<\/strong><\/p>\n\n\n\n<ul class=\"wp-block-list\">\n<li>Los trabajos deben ser originales y se presentar\u00e1n digitalmente con un m\u00e1ximo de 3.000 palabras en formato de texto .doc, docx, .rtf, .odt, o pdf.<\/li>\n\n\n\n<li>Incluir\u00e1n una descripci\u00f3n detallada de la idea, objetivos y m\u00e9todos de implementaci\u00f3n.<\/li>\n\n\n\n<li>Se podr\u00e1n adjuntar como anexo elementos adicionales que aclaren, desarrollen o ilustren el trabajo.<\/li>\n\n\n\n<li>Las propuestas podr\u00e1n presentarse en espa\u00f1ol y\/o en esperanto; se valorar\u00e1 positivamente la presentaci\u00f3n en ambos idiomas.<\/li>\n<\/ul>\n\n\n\n<p><strong>5. Plazo y lugar de presentaci\u00f3n:<\/strong><\/p>\n\n\n\n<p>Las propuestas deber\u00e1n enviarse hasta el 31\/12\/24 al correo electr\u00f3nico: <a href=\"mailto:konkursoateneo@gmail.com\">konkursoateneo@gmail.com<\/a>. Este mismo correo se podr\u00e1 utilizar para cualquier aclaraci\u00f3n relacionada con el concurso.<\/p>\n\n\n\n<p><strong>6. Criterios de evaluaci\u00f3n:<\/strong><\/p>\n\n\n\n<p>El jurado, a propuesta de los organizadores, estar\u00e1 compuesto por especialistas en el \u00e1mbito del esperanto, educaci\u00f3n, comunicaci\u00f3n, etc. quienes evaluar\u00e1n las propuestas seg\u00fan los siguientes criterios:<\/p>\n\n\n\n<p>-Innovaci\u00f3n y originalidad, viabilidad y sostenibilidad de la propuesta, impacto potencial en la difusi\u00f3n del esperanto y la claridad y calidad de la presentaci\u00f3n.<\/p>\n\n\n\n<p><strong>7. Premios:<\/strong><\/p>\n\n\n\n<p>Se otorgar\u00e1n los siguientes premios:<\/p>\n\n\n\n<ul class=\"wp-block-list\">\n<li>Primero: 1.000 euros, Segundo: 600 euros y Tercero: 400 euros.<\/li>\n\n\n\n<li>Todas las propuestas finalistas recibir\u00e1n un certificado de reconocimiento.<\/li>\n<\/ul>\n\n\n\n<p><strong>8. Publicaci\u00f3n de resultados<\/strong>:<\/p>\n\n\n\n<p>Los resultados se comunicar\u00e1n directamente a cada participante por correo electr\u00f3nico y se publicar\u00e1n en los medios considerados pertinentes, especialmente en las principales revistas esperantistas y en los mismos medios en los que se publiquen las presentes bases.<\/p>\n\n\n\n<p><strong>9. Derechos de las propuestas:<\/strong><\/p>\n\n\n\n<p>Las personas participantes conservar\u00e1n los derechos sobre sus propuestas; sin embargo, aceptan que los trabajos seleccionados puedan ser utilizados total o parcialmente por las organizaciones del concurso para fines promocionales del esperanto, con el debido reconocimiento a sus creaciones.<\/p>\n\n\n\n<p><strong>10. Fallo:<\/strong><\/p>\n\n\n\n<p>El fallo del jurado ser\u00e1 inapelable y podr\u00e1 declarar desierto alguno de los premios si as\u00ed lo considera conveniente.<\/p>\n\n\n\n<p><strong>CONCLUSI\u00d3N<\/strong><\/p>\n\n\n\n<p>Con este concurso, buscamos inspirar y movilizar a una comunidad global en torno a la lengua auxiliar internacional esperanto, promoviendo el entendimiento y la cooperaci\u00f3n entre culturas. \u00a1Esperamos sus ideas!<\/p>\n","protected":false},"excerpt":{"rendered":"<p>SOCIEDAD CULTURAL ATENEO LA ALIANZA DE CHESTE La Sociedad Cultural Ateneo La Alianza de Cheste convoca, con la colaboraci\u00f3n del Ayuntamiento de Cheste, La Fundaci\u00f3n Cajacheste, el Grupo Esperantista LUMRADIO de Cheste y el Grupo Esperanto de Valencia, el presente concurso de ideas con las siguientes, BASES&nbsp; 1. Objetivo del concurso: El concurso tiene como [&hellip;]<\/p>\n","protected":false},"author":9,"featured_media":0,"parent":99,"menu_order":0,"comment_status":"closed","ping_status":"closed","template":"","meta":{"_locale":"es_ES","_original_post":"https:\/\/valencia.esperanto.es\/?page_id=863","footnotes":""},"class_list":["post-863","page","type-page","status-publish","hentry","es-ES"],"_links":{"self":[{"href":"https:\/\/valencia.esperanto.es\/wp-json\/wp\/v2\/pages\/863","targetHints":{"allow":["GET"]}}],"collection":[{"href":"https:\/\/valencia.esperanto.es\/wp-json\/wp\/v2\/pages"}],"about":[{"href":"https:\/\/valencia.esperanto.es\/wp-json\/wp\/v2\/types\/page"}],"author":[{"embeddable":true,"href":"https:\/\/valencia.esperanto.es\/wp-json\/wp\/v2\/users\/9"}],"replies":[{"embeddable":true,"href":"https:\/\/valencia.esperanto.es\/wp-json\/wp\/v2\/comments?post=863"}],"version-history":[{"count":4,"href":"https:\/\/valencia.esperanto.es\/wp-json\/wp\/v2\/pages\/863\/revisions"}],"predecessor-version":[{"id":882,"href":"https:\/\/valencia.esperanto.es\/wp-json\/wp\/v2\/pages\/863\/revisions\/882"}],"up":[{"embeddable":true,"href":"https:\/\/valencia.esperanto.es\/wp-json\/wp\/v2\/pages\/99"}],"wp:attachment":[{"href":"https:\/\/valencia.esperanto.es\/wp-json\/wp\/v2\/media?parent=863"}],"curies":[{"name":"wp","href":"https:\/\/api.w.org\/{rel}","templated":true}]}}