{"id":593,"date":"2022-01-19T23:06:56","date_gmt":"2022-01-19T22:06:56","guid":{"rendered":"https:\/\/valencia.esperanto.es\/?page_id=593"},"modified":"2022-02-08T12:29:37","modified_gmt":"2022-02-08T11:29:37","slug":"curso-desde-cero-2022","status":"publish","type":"page","link":"https:\/\/valencia.esperanto.es\/es\/cursos\/curso-desde-cero-2022\/","title":{"rendered":"Curso desde cero 2022"},"content":{"rendered":"\n<p>Se trata de un curso de iniciaci\u00f3n al esperanto donde os explicamos la gram\u00e1tica b\u00e1sica del idioma: las 16 reglas gramaticales, los prefijos y sufijos b\u00e1sicos y algunas cositas m\u00e1s. <\/p>\n\n\n\n<p><strong>Coste<\/strong>: Gratuito<\/p>\n\n\n\n<p><strong>Fechas<\/strong>: 30 de enero de  2022 hasta el final de marzo<\/p>\n\n\n\n<p><strong>Horario<\/strong>:  Los domingos 17-19h <\/p>\n\n\n\n<p><strong>Modalidad<\/strong>: Por videoconferencia (clicar en el icono a continuaci\u00f3n)<\/p>\n\n\n\n<div class=\"wp-block-image\"><figure class=\"aligncenter size-large\"><a href=\"https:\/\/us04web.zoom.us\/j\/74198110365?pwd=y0cQSI72ar4ESHFaDstjAnB0Nr051u.1\"><img loading=\"lazy\" decoding=\"async\" width=\"225\" height=\"225\" src=\"https:\/\/valencia.esperanto.es\/wp-content\/uploads\/2022\/01\/image.png\" alt=\"Zoom-icon | Brands ZA - ZZ\" class=\"wp-image-590\" srcset=\"https:\/\/valencia.esperanto.es\/wp-content\/uploads\/2022\/01\/image.png 225w, https:\/\/valencia.esperanto.es\/wp-content\/uploads\/2022\/01\/image-150x150.png 150w, https:\/\/valencia.esperanto.es\/wp-content\/uploads\/2022\/01\/image-60x60.png 60w\" sizes=\"auto, (max-width: 225px) 100vw, 225px\" \/><\/a><\/figure><\/div>\n\n\n\n<p><strong>Requisitos y recomendaciones:<\/strong><\/p>\n\n\n\n<ul class=\"wp-block-list\"><li>Para reducir los acoplamientos, es importante <strong>usar auriculares<\/strong>, a ser posible auriculares con micr\u00f3fono, para optimizar la calidad de sonido.<\/li><li>Como usaremos la compartici\u00f3n de pantalla, es importante usar un ordenador (port\u00e1til o de sobremesa) o como m\u00ednimo una tableta grande, <strong>desaconsej\u00e1ndose el uso de tel\u00e9fonos m\u00f3viles<\/strong>.<\/li><li>Es importante que acced\u00e1is siempre a trav\u00e9s de esta p\u00e1gina web, de manera que podamos en cualquier momento cambiar el sistema de videoconferencia sin grandes transtornos.  <\/li><\/ul>\n\n\n\n<p><strong>Materiales<\/strong>:<\/p>\n\n\n\n<p>(iremos colgando aqu\u00ed los documentos que usemos)<\/p>\n\n\n\n<div class=\"wp-block-file\"><a href=\"https:\/\/valencia.esperanto.es\/wp-content\/uploads\/2022\/02\/Esperanto-desde-cero.pdf\">Esperanto-desde-cero<\/a><a href=\"https:\/\/valencia.esperanto.es\/wp-content\/uploads\/2022\/02\/Esperanto-desde-cero.pdf\" class=\"wp-block-file__button\" download>Descarga<\/a><\/div>\n\n\n\n<p><\/p>\n","protected":false},"excerpt":{"rendered":"<p>Se trata de un curso de iniciaci\u00f3n al esperanto donde os explicamos la gram\u00e1tica b\u00e1sica del idioma: las 16 reglas gramaticales, los prefijos y sufijos b\u00e1sicos y algunas cositas m\u00e1s. Coste: Gratuito Fechas: 30 de enero de 2022 hasta el final de marzo Horario: Los domingos 17-19h Modalidad: Por videoconferencia (clicar en el icono a [&hellip;]<\/p>\n","protected":false},"author":1,"featured_media":0,"parent":238,"menu_order":0,"comment_status":"closed","ping_status":"closed","template":"","meta":{"_locale":"es_ES","_original_post":"https:\/\/valencia.esperanto.es\/?page_id=589","footnotes":""},"class_list":["post-593","page","type-page","status-publish","hentry","es-ES"],"_links":{"self":[{"href":"https:\/\/valencia.esperanto.es\/wp-json\/wp\/v2\/pages\/593","targetHints":{"allow":["GET"]}}],"collection":[{"href":"https:\/\/valencia.esperanto.es\/wp-json\/wp\/v2\/pages"}],"about":[{"href":"https:\/\/valencia.esperanto.es\/wp-json\/wp\/v2\/types\/page"}],"author":[{"embeddable":true,"href":"https:\/\/valencia.esperanto.es\/wp-json\/wp\/v2\/users\/1"}],"replies":[{"embeddable":true,"href":"https:\/\/valencia.esperanto.es\/wp-json\/wp\/v2\/comments?post=593"}],"version-history":[{"count":3,"href":"https:\/\/valencia.esperanto.es\/wp-json\/wp\/v2\/pages\/593\/revisions"}],"predecessor-version":[{"id":641,"href":"https:\/\/valencia.esperanto.es\/wp-json\/wp\/v2\/pages\/593\/revisions\/641"}],"up":[{"embeddable":true,"href":"https:\/\/valencia.esperanto.es\/wp-json\/wp\/v2\/pages\/238"}],"wp:attachment":[{"href":"https:\/\/valencia.esperanto.es\/wp-json\/wp\/v2\/media?parent=593"}],"curies":[{"name":"wp","href":"https:\/\/api.w.org\/{rel}","templated":true}]}}