{"id":341,"date":"2020-11-03T17:30:05","date_gmt":"2020-11-03T16:30:05","guid":{"rendered":"https:\/\/valencia.esperanto.es\/ttt\/?page_id=341"},"modified":"2025-12-14T17:33:10","modified_gmt":"2025-12-14T16:33:10","slug":"en-los-medios","status":"publish","type":"page","link":"https:\/\/valencia.esperanto.es\/es\/asociacion\/en-los-medios\/","title":{"rendered":"En los medios"},"content":{"rendered":"\n<p><strong>Prensa<\/strong><\/p>\n\n\n\n<p><\/p>\n\n\n\n<ul class=\"wp-block-list\">\n<li>Sin datar: <a aria-label=\"Los destellos del Esperanto (opens in a new tab)\" href=\"https:\/\/www.ngenespanol.com\/el-mundo\/destellos-del-esperanto\/\" target=\"_blank\" rel=\"noreferrer noopener\">Los destellos del Esperanto<\/a> (National Geographic) <\/li>\n\n\n\n<li>1996-04-27: <a aria-label=\"Filolog\u00eda imparte el primer curso de Esperanto (opens in a new tab)\" href=\"https:\/\/www.lasprovincias.es\/valencia\/prensa\/20061230\/valencia\/creador-idioma-universal_20061230.html\" target=\"_blank\" rel=\"noreferrer noopener\">Filolog\u00eda imparte el primer curso de Esperanto<\/a> (Las Provincias)<\/li>\n\n\n\n<li>2006-12-30: <a aria-label=\"Creador del idioma universal Doctor Zamenhof (opens in a new tab)\" href=\"https:\/\/www.lasprovincias.es\/valencia\/prensa\/20061230\/valencia\/creador-idioma-universal_20061230.html\" target=\"_blank\" rel=\"noreferrer noopener\">Creador del idioma universal Doctor Zamenhof<\/a> (Las Provincias)<\/li>\n\n\n\n<li>2009-12-05: <a aria-label=\" (opens in a new tab)\" href=\"https:\/\/www.lasprovincias.es\/20091205\/culturas\/esperanto-ligvo-oficiala-20091205.html\" target=\"_blank\" rel=\"noreferrer noopener\">Esperanto, lingvo oficiala (Las Provincias)<\/a><\/li>\n\n\n\n<li>2010-09-12: <a aria-label=\"\u00abEl esperanto tiene cualidades para ser una lengua universal\u00bb (opens in a new tab)\" href=\"https:\/\/www.lasprovincias.es\/v\/20100912\/orihuela\/esperanto-tiene-cualidades-para-20100912.html\" target=\"_blank\" rel=\"noreferrer noopener\">\u00abEl esperanto tiene cualidades para ser una lengua universal\u00bb<\/a>  (Las Provincias)<\/li>\n\n\n\n<li>2011-03-28: <a aria-label=\"La m\u00e1s universal de las lenguas vive una segunda juventud gracias a las nuevas v\u00edas que le ha abierto internet (opens in a new tab)\" href=\"https:\/\/www.lasprovincias.es\/v\/20110328\/gente\/universal-lenguas-vive-segunda-20110328.html\" target=\"_blank\" rel=\"noreferrer noopener\">La m\u00e1s universal de las lenguas vive una segunda juventud gracias a las nuevas v\u00edas que le ha abierto internet<\/a> (Las Provincias)<\/li>\n\n\n\n<li>2011-06-16: <a aria-label=\"Castell\u00f3n acoge hoy el Congreso de Esperanto (opens in a new tab)\" href=\"https:\/\/www.lasprovincias.es\/v\/20120616\/castellon\/castellon-acoge-congreso-esperanto-20120616.html\" target=\"_blank\" rel=\"noreferrer noopener\">Castell\u00f3n acoge hoy el Congreso de Esperanto<\/a> (Las Provincias)<\/li>\n\n\n\n<li>2011-03-28: <a aria-label=\"Una lengua para dar la vuelta al mundo (opens in a new tab)\" href=\"https:\/\/www.lasprovincias.es\/v\/20110328\/gente\/lengua-para-vuelta-mundo-20110328.html\" target=\"_blank\" rel=\"noreferrer noopener\">Una lengua para dar la vuelta al mundo<\/a><\/li>\n\n\n\n<li>2011-09-30: <a href=\"http:\/\/www.rtve.es\/play\/audios\/vida-verde\/vida-verde-esperanto-ecologia-linguistica-humanismo-mas-piensas-01-10-11\/1209910\/\" target=\"_blank\" rel=\"noreferrer noopener\">RTVE \/ Vida verde \/ Esperant: ecolog\u00eda ling\u00fc\u00edstica (con Joan Catal\u00e0 Pi\u00f1\u00f3n y con Ferriol Macip)<\/a>.  <a aria-label=\"El lenguaje de las coliflores (opens in a new tab)\" href=\"https:\/\/blog.rtve.es\/vidaverde\/2011\/09\/el-lenguaje-de-las-coliflores.html\" target=\"_blank\" rel=\"noreferrer noopener\">El lenguaje de las coliflores<\/a>, sobre el nuevo libro de Joan Catal\u00e0 (RTVE)<\/li>\n\n\n\n<li>2012-07-31:  <a aria-label=\" (opens in a new tab)\" href=\"https:\/\/www.abc.es\/cultura\/abci-esperanto-anos-utopia-realidad-201207290000_noticia.html\" target=\"_blank\" rel=\"noreferrer noopener\">El esperanto cumple 125 a\u00f1os como una utop\u00eda que \u00abya es una realidad\u00bb para sus defensores <\/a>(ABC)<\/li>\n\n\n\n<li>2012-10-15: <a aria-label=\"Al\u00f3jate gratis si hablas Esperanto (opens in a new tab)\" href=\"https:\/\/www.abc.es\/viajar\/abci-alojate-gratis-hablas-esperanto-201207190000_noticia.html\" target=\"_blank\" rel=\"noreferrer noopener\">Al\u00f3jate gratis si hablas Esperanto<\/a> (ABC)<\/li>\n\n\n\n<li>2013-07-02: <a aria-label=\"Encuentro Internacional de Esperanto en Oliva (opens in a new tab)\" href=\"https:\/\/www.elperiodic.com\/oliva\/encuentro-internacional-esperanto-oliva_247540\" target=\"_blank\" rel=\"noreferrer noopener\">Encuentro Internacional de Esperanto en Oliva<\/a> (El Peri\u00f2dic)<\/li>\n\n\n\n<li>2016-7-29: <a aria-label=\"Una profesora de la UCO participa en la recuperaci\u00f3n de la historia de las mujeres ling\u00fcistas (opens in a new tab)\" href=\"https:\/\/www.20minutos.es\/noticia\/2808225\/0\/profesora-uco-participa-recuperacion-historia-mujeres-linguistas\/\" target=\"_blank\" rel=\"noreferrer noopener\">Una profesora de la UCO participa en la recuperaci\u00f3n de la historia de las mujeres ling\u00fcistas<\/a> (20minutos)<\/li>\n\n\n\n<li>2017-04-08: <a aria-label=\" (opens in a new tab)\" href=\"https:\/\/www.lasprovincias.es\/fiestas-tradiciones\/201704\/09\/esperanto-mantiene-vivo-asociacion-20170408235958-v.html\" target=\"_blank\" rel=\"noreferrer noopener\">El esperanto se mantiene vivo en una asociaci\u00f3n de Cheste<\/a> (Las Provincias)<\/li>\n\n\n\n<li>2017-08-30: <a aria-label=\"Hablar en esperanto en la era 2.0 (opens in a new tab)\" href=\"https:\/\/www.lamarea.com\/2017\/08\/30\/el-esperanto-en-la-era-2-0\/\" target=\"_blank\" rel=\"noreferrer noopener\">Hablar en esperanto en la era 2.0<\/a> (La Marea)<\/li>\n\n\n\n<li>2019-02-23: <a aria-label=\"El esperanto se niega a morir (opens in a new tab)\" href=\"https:\/\/elpais.com\/politica\/2019\/02\/20\/diario_de_espana\/1550662593_558144.html\" target=\"_blank\" rel=\"noreferrer noopener\">El esperanto se niega a morir<\/a> (El pa\u00eds)<\/li>\n\n\n\n<li>2020-03-24: <a href=\"https:\/\/www.20minutos.es\/noticia\/4203283\/0\/aprender-esperanto-alerta-coronavirus-une-personas-por-encima-fronteras\/\">Aprender esperanto durante la alerta por el coronavirus: \u00abUne a las personas por encima de las fronteras\u00bb<\/a> (20minutos.es)<\/li>\n\n\n\n<li>2020-09-09: <a aria-label=\"\u00abEn la mondon venis nova sento\u00bb... Al habla con la comunidad del esperanto (opens in a new tab)\" href=\"https:\/\/www.lasprovincias.es\/vivir\/relaciones-humanas\/mondon-venis-nova-20200910114131-ntrc.html\" target=\"_blank\" rel=\"noreferrer noopener\">\u00abEn la mondon venis nova sento\u00bb&#8230; Al habla con la comunidad del esperanto<\/a> (Las Provincias)<\/li>\n\n\n\n<li>2020-10-07: <a aria-label=\" (opens in a new tab)\" href=\"https:\/\/www.lasprovincias.es\/culturas\/gastronomia\/gastrohistorias-misterio-mirinda-20201003231903-ntrc.html?ns_campaign=jaqueton&amp;ns_mchannel=manual&amp;ns_source=facebook&amp;ns_linkname=general&amp;ns_fee=0&amp;_tcode=bnd1bWUx\" target=\"_blank\" rel=\"noreferrer noopener\">El misterio de la Mirinda<\/a> (Las Provincias) <\/li>\n<\/ul>\n\n\n\n<p><\/p>\n\n\n\n<p><strong>Radio<\/strong><\/p>\n\n\n\n<ul class=\"wp-block-list\">\n<li>2013-06-13: <a aria-label=\"Entrevista (opens in a new tab)\" href=\"https:\/\/www.ivoox.com\/en\/feria-alternativa-2013-entrevistas-1-audios-mp3_rf_2127407_1.html\" target=\"_blank\" rel=\"noreferrer noopener\">Entrevista<\/a> a Joan Catal\u00e0 durante la <a aria-label=\"Fira Alternativa de Val\u00e8ncia (opens in a new tab)\" href=\"https:\/\/firaalternativavalencia.com\/\" target=\"_blank\" rel=\"noreferrer noopener\">Fira Alternativa de Val\u00e8ncia<\/a>, entrevistado por R\u00e0dio Malva (desde 26:55)<\/li>\n\n\n\n<li>2020-03-08: <a aria-label=\"Entrevista a Paco Incl\u00e1n (opens in a new tab)\" href=\"https:\/\/www.rtve.es\/alacarta\/audios\/la-estacion-azul\/estacion-azul-tiempo-misterios-08-03-20\/5529916\/\" target=\"_blank\" rel=\"noreferrer noopener\">Entrevista a Paco Incl\u00e1n<\/a> en el programa de radio <a aria-label=\"La estaci\u00f3n azul (opens in a new tab)\" href=\"https:\/\/www.rtve.es\/alacarta\/audios\/la-estacion-azul\/\" target=\"_blank\" rel=\"noreferrer noopener\">La estaci\u00f3n azul<\/a> de <a aria-label=\"RNE-1 (opens in a new tab)\" href=\"https:\/\/www.rtve.es\/radio\/radio-nacional\/directo\/\" target=\"_blank\" rel=\"noreferrer noopener\">RNE-1<\/a>.<\/li>\n<\/ul>\n\n\n\n<figure class=\"wp-block-audio\"><audio controls src=\"https:\/\/valencia.esperanto.es\/wp-content\/uploads\/2020\/11\/2020-03-08-RNE1-La-estaci\u00f3n-azul-Paco-Incl\u00e1n-Esperanto.ogg\"><\/audio><figcaption class=\"wp-element-caption\">Extracto donde Paco Incl\u00e1n habla del Esperanto y de otras lenguas planificadas<\/figcaption><\/figure>\n\n\n\n<ul class=\"wp-block-list\">\n<li>2020-10-26: <a aria-label=\" (opens in a new tab)\" href=\"https:\/\/go.ivoox.com\/rf\/58443457\" target=\"_blank\" rel=\"noreferrer noopener\">Entrevista a Paco Incl\u00e1n<\/a> en el programa <a aria-label=\"Patada al list\u00f3n (opens in a new tab)\" href=\"https:\/\/www.ivoox.com\/en\/perfil-patada-al-liston_aj_21142634_1.html\" target=\"_blank\" rel=\"noreferrer noopener\">Patada al list\u00f3n<\/a> de <a aria-label=\" (opens in a new tab)\" href=\"http:\/\/www.radiomalva.org\" target=\"_blank\" rel=\"noreferrer noopener\">R\u00e0dio Malva<\/a>, de Valencia.<\/li>\n<\/ul>\n\n\n\n<figure class=\"wp-block-audio\"><audio controls src=\"https:\/\/valencia.esperanto.es\/wp-content\/uploads\/2020\/11\/2020-10-26-Radio-Malva-Patada-al-list\u00f3n-Paco-Incl\u00e1n-sobre-el-Esperanto.ogg\"><\/audio><figcaption class=\"wp-element-caption\">Extracto donde Paco Incl\u00e1n y los entrevistadores hablan del Esperanto <\/figcaption><\/figure>\n\n\n\n<ul class=\"wp-block-list\">\n<li> 2020-11-03 : <a aria-label=\"Entrevista en R\u00e0dio Klara (opens in a new tab)\" href=\"https:\/\/enredant-radioklara.blogspot.com\/2020\/11\/curs-desperanto-valencia-raul-salinas.html\" target=\"_blank\" rel=\"noreferrer noopener\">Entrevista en R\u00e0dio Klara<\/a> (en castellano), Valencia.<\/li>\n<\/ul>\n\n\n\n<figure class=\"wp-block-audio\"><audio controls src=\"https:\/\/ia801703.us.archive.org\/21\/items\/ArkivoGrupoEsperantoValencia\/2020_11_03_curs_esperanto_raul_salinas_radio_klara.mp3\"><\/audio><\/figure>\n\n\n\n<ul class=\"wp-block-list\">\n<li> 2021-07-26 : Entrevista al programa de \u00c0 Punt: Podriem estar millor (en valenci\u00e0)<\/li>\n<\/ul>\n\n\n\n<figure class=\"wp-block-audio\"><audio controls src=\"https:\/\/ia801703.us.archive.org\/21\/items\/ArkivoGrupoEsperantoValencia\/2021_07_26_podr%C3%ADem_estar_millor_entrevista_esperanto.mp3\"><\/audio><\/figure>\n\n\n\n<p><\/p>\n","protected":false},"excerpt":{"rendered":"<p>Prensa Radio<\/p>\n","protected":false},"author":2,"featured_media":0,"parent":88,"menu_order":0,"comment_status":"closed","ping_status":"closed","template":"","meta":{"_locale":"es_ES","_original_post":"https:\/\/valencia.esperanto.es\/ttt\/?page_id=341","footnotes":""},"class_list":["post-341","page","type-page","status-publish","hentry","es-ES"],"_links":{"self":[{"href":"https:\/\/valencia.esperanto.es\/wp-json\/wp\/v2\/pages\/341","targetHints":{"allow":["GET"]}}],"collection":[{"href":"https:\/\/valencia.esperanto.es\/wp-json\/wp\/v2\/pages"}],"about":[{"href":"https:\/\/valencia.esperanto.es\/wp-json\/wp\/v2\/types\/page"}],"author":[{"embeddable":true,"href":"https:\/\/valencia.esperanto.es\/wp-json\/wp\/v2\/users\/2"}],"replies":[{"embeddable":true,"href":"https:\/\/valencia.esperanto.es\/wp-json\/wp\/v2\/comments?post=341"}],"version-history":[{"count":31,"href":"https:\/\/valencia.esperanto.es\/wp-json\/wp\/v2\/pages\/341\/revisions"}],"predecessor-version":[{"id":1021,"href":"https:\/\/valencia.esperanto.es\/wp-json\/wp\/v2\/pages\/341\/revisions\/1021"}],"up":[{"embeddable":true,"href":"https:\/\/valencia.esperanto.es\/wp-json\/wp\/v2\/pages\/88"}],"wp:attachment":[{"href":"https:\/\/valencia.esperanto.es\/wp-json\/wp\/v2\/media?parent=341"}],"curies":[{"name":"wp","href":"https:\/\/api.w.org\/{rel}","templated":true}]}}