{"id":154,"date":"2020-10-27T08:54:41","date_gmt":"2020-10-27T08:54:41","guid":{"rendered":"https:\/\/valencia.esperanto.es\/ttt\/?page_id=154"},"modified":"2023-11-25T18:02:05","modified_gmt":"2023-11-25T17:02:05","slug":"biblioteca","status":"publish","type":"page","link":"https:\/\/valencia.esperanto.es\/es\/biblioteca\/","title":{"rendered":"Biblioteca"},"content":{"rendered":"\n<p>Consta de 1500 vol\u00famenes, a parte de un n\u00famero grand\u00edsimo de revistas y peri\u00f3dicos esperantistas, que est\u00e1n disponibles para pr\u00e9stamo a los socios y socias de la asociaci\u00f3n.<\/p>\n\n\n\n<p>En 2012, nuestra socia Isabel Ruiz informatiz\u00f3 todo el cat\u00e1logo como parte de su <a href=\"https:\/\/valencia.esperanto.es\/wp-content\/uploads\/2020\/11\/Esperanta_biblioteko_cat\u00e0leg_de_la_biblioteca_del_Grup_Esperanto.pdf\">proyecto final de m\u00e1ster<\/a>.<\/p>\n\n\n\n<p><a href=\"http:\/\/esperanto.es\/openbiblioVal\/opac\/index.php\">Cat\u00e1logo online<\/a><\/p>\n\n\n\n<p>El grup tambi\u00e9n don\u00f3 m\u00e1s de <a rel=\"noreferrer noopener\" aria-label=\"900 obres (opens in a new tab)\" href=\"https:\/\/archive.is\/wip\/AAwBh\" target=\"_blank\">900 obras<\/a> a la Biblioteca Municipal a principios del siglo XX. Pod\u00e9is consultar el fondo en el <a rel=\"noreferrer noopener\" aria-label=\"cat\u00e0leg (opens in a new tab)\" href=\"http:\/\/www.valencia.es\/opac\/\" target=\"_blank\">cat\u00e1logo<\/a> oficial (buscando por Hermeroteca). <\/p>\n\n\n\n<p>En 1997, se firm\u00f3 un <a href=\"https:\/\/valencia.esperanto.es\/wp-content\/uploads\/2020\/11\/colaboracio_gva.pdf\">acuerdo<\/a> de colaboraci\u00f3n con la biblioteca municipal de Valencia para ayudar a catalogar todas las obras donadas al fondo.<\/p>\n","protected":false},"excerpt":{"rendered":"<p>Consta de 1500 vol\u00famenes, a parte de un n\u00famero grand\u00edsimo de revistas y peri\u00f3dicos esperantistas, que est\u00e1n disponibles para pr\u00e9stamo a los socios y socias de la asociaci\u00f3n. En 2012, nuestra socia Isabel Ruiz informatiz\u00f3 todo el cat\u00e1logo como parte de su proyecto final de m\u00e1ster. Cat\u00e1logo online El grup tambi\u00e9n don\u00f3 m\u00e1s de 900 [&hellip;]<\/p>\n","protected":false},"author":2,"featured_media":0,"parent":0,"menu_order":0,"comment_status":"closed","ping_status":"closed","template":"","meta":{"_locale":"es_ES","_original_post":"https:\/\/valencia.esperanto.es\/ttt\/?page_id=154","footnotes":""},"class_list":["post-154","page","type-page","status-publish","hentry","es-ES"],"_links":{"self":[{"href":"https:\/\/valencia.esperanto.es\/wp-json\/wp\/v2\/pages\/154","targetHints":{"allow":["GET"]}}],"collection":[{"href":"https:\/\/valencia.esperanto.es\/wp-json\/wp\/v2\/pages"}],"about":[{"href":"https:\/\/valencia.esperanto.es\/wp-json\/wp\/v2\/types\/page"}],"author":[{"embeddable":true,"href":"https:\/\/valencia.esperanto.es\/wp-json\/wp\/v2\/users\/2"}],"replies":[{"embeddable":true,"href":"https:\/\/valencia.esperanto.es\/wp-json\/wp\/v2\/comments?post=154"}],"version-history":[{"count":6,"href":"https:\/\/valencia.esperanto.es\/wp-json\/wp\/v2\/pages\/154\/revisions"}],"predecessor-version":[{"id":856,"href":"https:\/\/valencia.esperanto.es\/wp-json\/wp\/v2\/pages\/154\/revisions\/856"}],"wp:attachment":[{"href":"https:\/\/valencia.esperanto.es\/wp-json\/wp\/v2\/media?parent=154"}],"curies":[{"name":"wp","href":"https:\/\/api.w.org\/{rel}","templated":true}]}}