{"id":108,"date":"2020-06-02T10:55:32","date_gmt":"2020-06-02T10:55:32","guid":{"rendered":"https:\/\/valencia.esperanto.es\/ttt\/?page_id=108"},"modified":"2020-06-02T11:19:54","modified_gmt":"2020-06-02T11:19:54","slug":"que-es-lesperanto","status":"publish","type":"page","link":"https:\/\/valencia.esperanto.es\/es\/que-es-lesperanto\/","title":{"rendered":"\u00bfQu\u00e9 es el Esperanto?"},"content":{"rendered":"\n<figure class=\"wp-block-image\"><img decoding=\"async\" src=\"https:\/\/enricbaltasar.com\/wp-content\/uploads\/2018\/03\/encuentro-juvenil-esperanto-alemania.jpg\" alt=\"\"\/><\/figure>\n\n\n\n<p>El esperanto es una lengua auxiliar planificada creada por el polaco\u00a0Ludwik\u00a0Zamenhof\u00a0como resultado de una d\u00e9cada de trabajo, con la esperanza que se convirtiera en lengua auxiliar internacional. Es la lengua planificada m\u00e1s hablada del mundo hoy en d\u00eda.<\/p>\n\n\n\n<p>El primer libro donde se describ\u00edan las caracter\u00edsticas del idioma, con el t\u00edtulo\u00a0Lingvo\u00a0Internacia, fue publicado por\u00a0Zamenhof\u00a0el 1887, con el pseud\u00f3nimo de\u00a0Doktoro\u00a0Esperanto. Esta \u00faltima palabra se convirti\u00f3 pronto en el nombre del idioma.<\/p>\n\n\n\n<p>Se calcula que en la actualidad hay entre 1.000.000 &#8211; 2.000.000 de hablantes de esperanto en todo el mundo, de los cuales entre 1.000 y 2.000 ser\u00edan hablantes nativos de esta lengua, que lo habr\u00edan aprendido en el entorno familiar.<\/p>\n\n\n\n<p>La gram\u00e1tica del esperanto se basa en diecis\u00e9is reglas fundamentales sin excepciones, cosa que lo convierte en un idioma muy f\u00e1cil de aprender. Por la estructura, es una lengua aglutinante que procede por encadenamiento de elementos de base invariables. El vocabulario est\u00e1 extra\u00eddo de muchos idiomas y adaptado a las normas de la lengua.<\/p>\n\n\n\n<p>Para saber m\u00e1s o aprender Esperanto, puedes encontrar much\u00edsimos recursos. Aqu\u00ed un listado de enlaces:<\/p>\n\n\n\n<p><\/p>\n\n\n\n<ul class=\"wp-block-list\"><li><a href=\"https:\/\/enricbaltasar.com\/aprender-esperanto\/\">https:\/\/enricbaltasar.com\/aprender-esperanto\/<\/a><\/li><li><a href=\"https:\/\/www.esperanto.es\/hef\/index.php\/que-es\/el-esperanto-en-10-minutos\">https:\/\/www.esperanto.es\/hef\/index.php\/que-es\/el-esperanto-en-10-minutos<\/a><\/li><li><a href=\"https:\/\/www.esperanto.es\/hef\/index.php\/aprender-esperanto\">https:\/\/www.esperanto.es\/hef\/index.php\/aprender-esperanto<\/a><\/li><\/ul>\n\n\n\n<p><\/p>\n","protected":false},"excerpt":{"rendered":"<p>El esperanto es una lengua auxiliar planificada creada por el polaco\u00a0Ludwik\u00a0Zamenhof\u00a0como resultado de una d\u00e9cada de trabajo, con la esperanza que se convirtiera en lengua auxiliar internacional. Es la lengua planificada m\u00e1s hablada del mundo hoy en d\u00eda. El primer libro donde se describ\u00edan las caracter\u00edsticas del idioma, con el t\u00edtulo\u00a0Lingvo\u00a0Internacia, fue publicado por\u00a0Zamenhof\u00a0el 1887, [&hellip;]<\/p>\n","protected":false},"author":1,"featured_media":0,"parent":0,"menu_order":0,"comment_status":"closed","ping_status":"closed","template":"","meta":{"_locale":"es_ES","_original_post":"https:\/\/valencia.esperanto.es\/ttt\/?page_id=61","footnotes":""},"class_list":["post-108","page","type-page","status-publish","hentry","es-ES"],"_links":{"self":[{"href":"https:\/\/valencia.esperanto.es\/wp-json\/wp\/v2\/pages\/108","targetHints":{"allow":["GET"]}}],"collection":[{"href":"https:\/\/valencia.esperanto.es\/wp-json\/wp\/v2\/pages"}],"about":[{"href":"https:\/\/valencia.esperanto.es\/wp-json\/wp\/v2\/types\/page"}],"author":[{"embeddable":true,"href":"https:\/\/valencia.esperanto.es\/wp-json\/wp\/v2\/users\/1"}],"replies":[{"embeddable":true,"href":"https:\/\/valencia.esperanto.es\/wp-json\/wp\/v2\/comments?post=108"}],"version-history":[{"count":2,"href":"https:\/\/valencia.esperanto.es\/wp-json\/wp\/v2\/pages\/108\/revisions"}],"predecessor-version":[{"id":112,"href":"https:\/\/valencia.esperanto.es\/wp-json\/wp\/v2\/pages\/108\/revisions\/112"}],"wp:attachment":[{"href":"https:\/\/valencia.esperanto.es\/wp-json\/wp\/v2\/media?parent=108"}],"curies":[{"name":"wp","href":"https:\/\/api.w.org\/{rel}","templated":true}]}}