{"id":866,"date":"2024-09-23T12:01:33","date_gmt":"2024-09-23T11:01:33","guid":{"rendered":"https:\/\/valencia.esperanto.es\/?page_id=866"},"modified":"2024-09-24T12:35:56","modified_gmt":"2024-09-24T10:35:56","slug":"konkurso-ideoj-cheste-2024","status":"publish","type":"page","link":"https:\/\/valencia.esperanto.es\/eo\/kalendaro\/konkurso-ideoj-cheste-2024\/","title":{"rendered":"Konkurso pri ideoj por disvastigo kaj disvolvi\u011do de Esperanto \u201cFrancisco M\u00e1\u00f1ez\u201d"},"content":{"rendered":"\n<p><strong>KULTURA SOCIETO ATENEO \u00abLA ALIANCO\u00bb EL CHESTE\u00a0<\/strong><\/p>\n\n\n\n<p>La Kultura Societo Ateneo La Alianco el Cheste ANONCAS, kun la kunlaboro de la urbodomo Cheste, la Fonda\u0135o Cajacheste, la Esperantista Grupo Lumradio de Cheste kaj la Grupo Esperanto de Valencio, la nunan konkurson de ideoj kun la sekvaj,<\/p>\n\n\n\n<p><strong>REGULOJ<\/strong><\/p>\n\n\n\n<p>1. Celo de la Konkurso:<\/p>\n\n\n\n<p>La konkurso celas promocii Esperanton tutmonde, invitante \u0109iujn interesatajn homojn, prezenti novigajn ideojn, kiuj anta\u016denigu \u011dian lernadon, uzon kaj agnoskon.<\/p>\n\n\n\n<p>2. Partoprenantoj:<\/p>\n\n\n\n<p>Homoj kaj grupoj a\u00fc asocioj de iu ajn nacieco povas partopreni.<\/p>\n\n\n\n<p>Ili devas identi\u011di per \u0109iuj siaj datumoj, inkluzive de telefonnumero, en la enhavo de la po\u015dto kaj ne en la prezentita laboro.<\/p>\n\n\n\n<p>Por kontrolaj celoj, identiga numero estos atribuita al \u0109iu laboro prezentita.<\/p>\n\n\n\n<p>3. Temoj:<\/p>\n\n\n\n<p>La verkoj povas trakti, inter aliaj, jenajn temojn:<\/p>\n\n\n\n<p>-Instruajn programojn kaj rimedojn por Esperanta Lernado.<\/p>\n\n\n\n<p>-Bitajn ilojn (apoj, interretaj platformoj, ludoj, ktp.), kiuj instigas lingvan uzon.<\/p>\n\n\n\n<p>-Kulturajn projektojn, kiuj integras Esperanton (teatro, muziko, literaturo).<\/p>\n\n\n\n<p>-Kampanjoj por konsciado kaj disvastigado.<\/p>\n\n\n\n<p>-Internaciajn eventojn, kiuj anta\u016denigas Esperanton.<\/p>\n\n\n\n<p>4. Prezentado:<\/p>\n\n\n\n<p>-La verkoj devas esti originalaj kaj estos prezentitaj ciferece kun maksimume 3.000 vortoj en .doc, docx, .rtf, .odt, a\u016d pdf teksta formato.<\/p>\n\n\n\n<p>-Kun detala priskribo de la ideo, celoj kaj efektivigaj metodoj.<\/p>\n\n\n\n<p>-Pliaj elementoj, kiuj klarigas, disvolvas a\u016d ilustras la labora\u0135on, povas esti ligitaj kiel anekso.<\/p>\n\n\n\n<p>-La proponoj povas esti prezentitaj en la hispana kaj\/a\u016d en Esperanto; la prezentado en amba\u016d lingvoj estos pozitive taksita.<\/p>\n\n\n\n<p>5. Limdato kaj loko de prezento:<\/p>\n\n\n\n<p>La proponoj devas esti senditaj \u011dis la 31\/12\/24 per retpo\u015dto al adreso: <a href=\"mailto:konkursoateneo@gmail.com\">konkursoateneo@gmail.com<\/a> \u0108i tiu sama retpo\u015dto povas esti uzata por iu ajn klarigo rilata al la konkurso.<\/p>\n\n\n\n<p>6. Kriterioj por taksado:<\/p>\n\n\n\n<p>La \u0135urio, la\u016d la propono de la organizantoj, estos kunmetita de specialistoj en la kampo de Esperanto, edukado, komunikado, ktp. kiu taksos la proponojn la\u016d la jenaj kriterioj:<\/p>\n\n\n\n<p>-Noveco kaj originaleco, farebleco kaj da\u016dripovo de la propono, ebla efiko sur la disvastigo de Esperanto kaj la klareco kaj kvalito de la prezento.<\/p>\n\n\n\n<p>7. Premioj:<\/p>\n\n\n\n<p>La jenaj premioj estos alju\u011ditaj:<\/p>\n\n\n\n<p>-Unua: 1.000 e\u016droj, dua: 600 e\u016droj kaj tria: 400 e\u016droj.<\/p>\n\n\n\n<p>-Krome la finalistaj proponoj ricevos agnoskan atestilon.<\/p>\n\n\n\n<p>8. Publikigado de Rezultoj:<\/p>\n\n\n\n<p>La rezultoj estos komunikitaj rekte al \u0109iu partoprenanto per retpo\u015dto kaj estos publikigitaj per la rimedoj konsiderataj signifaj, precipe en la \u0109efaj esperantistaj revuoj kaj per la samaj rimedoj, en kiuj \u0109i tiu reguloj estas publikigitaj.<\/p>\n\n\n\n<p>9. Rajtoj de la Proponoj:<\/p>\n\n\n\n<p>Partoprenantoj konservos rajtojn pri siaj proponoj. Tamen ili akceptas, ke la elektitaj verkoj povos esti uzataj plene a\u016d parte de la organizantoj de la konkurso por la reklamaj celoj de Esperanto, kun \u011dusta agnosko de iliaj kreoj.<\/p>\n\n\n\n<p>10. Rezulto:<\/p>\n\n\n\n<p>La \u0135uria decido estos nerevokebla kaj \u011di povos deklari iun el la premioj nealju\u011dita se \u011di konsideras tion oportuna.<\/p>\n\n\n\n<p>KONKLUDO<\/p>\n\n\n\n<p>Per \u0109i tiu konkurso, ni celas inspiri kaj mobilizi tutmondan komunumon \u0109irka\u016d la internacia helpa lingvo, anta\u016denigante komprenon kaj kunlaboron inter kulturoj.<\/p>\n\n\n\n<p>Ni atendas viajn ideojn!<\/p>\n","protected":false},"excerpt":{"rendered":"<p>KULTURA SOCIETO ATENEO \u00abLA ALIANCO\u00bb EL CHESTE\u00a0 La Kultura Societo Ateneo La Alianco el Cheste ANONCAS, kun la kunlaboro de la urbodomo Cheste, la Fonda\u0135o Cajacheste, la Esperantista Grupo Lumradio de Cheste kaj la Grupo Esperanto de Valencio, la nunan konkurson de ideoj kun la sekvaj, REGULOJ 1. Celo de la Konkurso: La konkurso celas [&hellip;]<\/p>\n","protected":false},"author":9,"featured_media":0,"parent":100,"menu_order":1,"comment_status":"closed","ping_status":"closed","template":"","meta":{"_locale":"eo","_original_post":"https:\/\/valencia.esperanto.es\/?page_id=863","footnotes":""},"class_list":["post-866","page","type-page","status-publish","hentry","eo"],"_links":{"self":[{"href":"https:\/\/valencia.esperanto.es\/wp-json\/wp\/v2\/pages\/866","targetHints":{"allow":["GET"]}}],"collection":[{"href":"https:\/\/valencia.esperanto.es\/wp-json\/wp\/v2\/pages"}],"about":[{"href":"https:\/\/valencia.esperanto.es\/wp-json\/wp\/v2\/types\/page"}],"author":[{"embeddable":true,"href":"https:\/\/valencia.esperanto.es\/wp-json\/wp\/v2\/users\/9"}],"replies":[{"embeddable":true,"href":"https:\/\/valencia.esperanto.es\/wp-json\/wp\/v2\/comments?post=866"}],"version-history":[{"count":2,"href":"https:\/\/valencia.esperanto.es\/wp-json\/wp\/v2\/pages\/866\/revisions"}],"predecessor-version":[{"id":884,"href":"https:\/\/valencia.esperanto.es\/wp-json\/wp\/v2\/pages\/866\/revisions\/884"}],"up":[{"embeddable":true,"href":"https:\/\/valencia.esperanto.es\/wp-json\/wp\/v2\/pages\/100"}],"wp:attachment":[{"href":"https:\/\/valencia.esperanto.es\/wp-json\/wp\/v2\/media?parent=866"}],"curies":[{"name":"wp","href":"https:\/\/api.w.org\/{rel}","templated":true}]}}