{"id":359,"date":"2020-11-04T07:23:48","date_gmt":"2020-11-04T06:23:48","guid":{"rendered":"https:\/\/valencia.esperanto.es\/ttt\/?page_id=359"},"modified":"2025-06-03T13:03:14","modified_gmt":"2025-06-03T11:03:14","slug":"statutoj","status":"publish","type":"page","link":"https:\/\/valencia.esperanto.es\/eo\/nia-asocio\/statutoj\/","title":{"rendered":"Statuto de la Kultura Asocio Grupo Esperanto Valencia"},"content":{"rendered":"\n<h2 class=\"wp-block-heading\">\u0108apitro 1. Nomado, Sidejo, Kampo, Celoj kaj Agadoj<\/h2>\n\n\n\n<p><strong>Artikolo 1. Nomado.<\/strong> En la urbo Valencio estas konstituita asocio, kiu nomi\u011das &#8220;Grupo Esperanto Valencia&#8221; kaj regos la\u016d la nuna Organika Le\u011do 1\/2002, de la 22-a de marto, kiu reguligas la Rajton de Asocio kaj la\u016d la nunaj statuto.<\/p>\n\n\n\n<p><strong>Artikolo 2. Celoj kaj Agadoj.<\/strong> La celoj kaj agadoj de la Asocio estas promocii la diskonigon, instruadon kaj praktikadon de la internacia helplingvo Esperanto al la \u011denerala publiko.<\/p>\n\n\n\n<p>Por atingi siajn celojn, la Asocio povas organizi bazajn kaj altnivelajn kursojn de la lingvo, kongresojn, konferencojn, laborsesiojn, projekciojn, konkursojn kaj similajn eventojn, \u0109iam konforme al la nuna le\u011daro. \u0108i tiu Asocio ne havos profitcelon.<\/p>\n\n\n\n<p><strong>Artikolo 3. Sidejo.<\/strong> La sidejo de la Asocio estos en la urbo Valencio, Avenuo Peris y Valero numero 96, 3a 5a, po\u015dtkodo 46006.<\/p>\n\n\n\n<p>La estraro povas krei sociajn lokojn en aliaj partoj de la urbo kaj aliaj urboj, kaj havas la rajton \u015dan\u011di la \u0109efsidejon kaj la lokojn, informante la kompetentan organon pri sia decido.<\/p>\n\n\n\n<p><strong>Artikolo 4. Agadoj.<\/strong> La Asocio funkcios en la provinco Valencio, havos nedifinitan da\u016dron kaj dissolvi\u011dos nur per decido de la Eksterordinara \u011cenerala Kunveno kaj pro ajnaj ka\u016dzoj anta\u016dviditaj en la le\u011doj.<\/p>\n\n\n\n<h2 class=\"wp-block-heading\">\u0108apitro Dua: Pri la Estraroj kaj la Maniero de Administrado<\/h2>\n\n\n\n<p><strong>Artikolo 5. Estraroj.<\/strong> La direkto kaj administrado de la Asocio estos farataj de la Prezidanto, la Estraro kaj la \u011cenerala Kunveno.<\/p>\n\n\n\n<p><strong>Artikolo 6. La Prezidanto.<\/strong> La Prezidanto de la Asocio havas la juran reprezentadon de la asocio kaj plenumos la decidojn faritajn de la Estraro kaj la \u011cenerala Kunveno inter la membroj, prezidante la sesiojn de amba\u016d.<\/p>\n\n\n\n<p>La Prezidanto estos elektita de la \u011cenerala Kunveno inter la membroj kaj lia mandato da\u016dros du jarojn.<\/p>\n\n\n\n<p><strong>Artikolo 7. La Estraro.<\/strong> La Estraro estos la kompetenta organo por interpreti la regulojn enhavitajn en \u0109i tiuj Statutoj kaj plenumi la mankojn, \u0109iam submetante sin al la nuna le\u011daro pri asocioj.<\/p>\n\n\n\n<p><strong>Artikolo 8. Kunmeto de la Estraro.<\/strong> La Estraro konsistos el Prezidanto, Vicprezidanto, Sekretario, Vicsekretario, Kasisto, Trezoristo kaj ses Vo\u0109donrajtaj Membroj.<\/p>\n\n\n\n<p><strong>Artikolo 9. Postenoj de la Estraro.<\/strong> La postenoj en la Estraro estos senpagaj, elektitaj de la \u011cenerala Kunveno, da\u016dros du jarojn, kvankam ili povas esti reelektitaj senlimte.<\/p>\n\n\n\n<p>La postenoj en la Estraro renovigos duone. En la unua fojo renovigos la Vicprezidanto, Vicsekretario, Trezoristo kaj tri Vo\u0109donrajtaj Membroj; en la dua fojo, la sekvanta jaro, la Prezidanto, Sekretario, Kasisto kaj la aliaj tri Vo\u0109donrajtaj Membroj.<\/p>\n\n\n\n<p><strong>Artikolo 10. Taskoj de la Estraro.<\/strong> La tasko de la Estraro estas plani kaj direkti la sociajn agadojn kaj prizorgi la administradan kaj ekonomian administradon de la Asocio, prezenti al la \u011cenerala Kunveno la jaran bu\u011deton de enspezoj kaj elspezoj, same kiel la kontostaton de la anta\u016da jaro.<\/p>\n\n\n\n<p><strong>Artikolo 11. Decidoj de la Estraro.<\/strong> La Estraro kunvenos tiom ofte kiom la Prezidanto a\u016d la Vicprezidanto decidos, propra iniciate a\u016d petite de iu ajn el ties membroj. La kunvenojn prezidos la Prezidanto kaj en lia foresto la Vicprezidanto a\u016d la Sekretario la\u016d tiu \u0109i ordo, kaj en foresto de amba\u016d, la plej a\u011da membro de la Estraro.<\/p>\n\n\n\n<p>Por ke la decidoj de la Estraro estu validaj, ili devas esti faritaj per plimulto de vo\u0109oj de la \u0109eestantoj, necesante la \u0109eeston de almen\u016d sep el ties membroj.<\/p>\n\n\n\n<p>La Sekretario, a\u016d en lia foresto la Vicsekretario, faros protokolon de la kunvenoj, kiu estos transskribita en la protokollibro.<\/p>\n\n\n\n<p><strong>Artikolo 12. Kreo de Komisionoj.<\/strong> La membroj de la Estraro prezidos la Komisionojn, kiuj estos kreitaj de la Estraro mem, por delegi al ili la preparadon de certaj agoj a\u016d agadoj, a\u016d por ricevi de ili la necesajn informojn. Aldone, tiuj komisionoj konsistos el la nombro de Vo\u0109donrajtaj Membroj decidita de la Estraro, la\u016d propono de siaj respektivaj prezidantoj.<\/p>\n\n\n\n<p>Kiam necesa, la Estraro povas decidi ke la Komisionoj dividi\u011du en subkomisionojn.<\/p>\n\n\n\n<p><strong>Artikolo 13. Aliaj Taskoj de la Prezidanto de la Estraro.<\/strong> La Prezidanto de la Estraro, krom la taskoj menciitaj en artikolo ses, havos la sekvantajn taskojn: a) Kunvoki kaj fermi la sesiojn de la Estraro kaj la \u011cenerala Kunveno, direkti la diskutojn de amba\u016d, decidi per decida vo\u0109o en kazo de egaleco. b) Proponi la agadplanon de la asocio al la Estraro, stimulante kaj direktante \u011diajn taskojn. c) Ordoni la pagojn validajn.<\/p>\n\n\n\n<p>La Prezidanto estos helpata en siaj taskoj de Vicprezidanto, kiu anka\u016d anstata\u016dos lin en kazo de vakeco, foresto a\u016d malsano.<\/p>\n\n\n\n<p><strong>Artikolo 14. La Sekretario.<\/strong> La Sekretario ricevos kaj transdonos la ali\u011dpetojn, tenos la Dosieron kaj Libron de Registrado de la membroj kaj respondecos pri la administrada laboro de la ento.<\/p>\n\n\n\n<p>La Vicsekretario helpos lin en lia taskoj kaj anstata\u016dos lin en lia foresto.<\/p>\n\n\n\n<p><strong>Artikolo 15. Taskoj de la Kasisto kaj la Trezoristo.<\/strong> \u0108i tiu Asocio havos \u011disdatan liston de siaj membroj; \u011di establos kontadon kiu ebligas akiri la fidindan bildon de la poseda\u0135o, la rezulto kaj la financa stato de la ento, same kiel la faritaj agadoj, faros inventaron de siaj poseda\u0135oj kaj kolektos en protokollibro la kunvenojn de siaj estraro kaj reprezentado. \u011cia kontado estos farita la\u016d la specifaj normoj kiuj aplikeblas al \u011di.<\/p>\n\n\n\n<p>La Trezoristo kolektos kaj gardos la monrimedojn apartenantajn al la Asocio kaj plenumos la pagordojn eldonitajn de la Prezidanto.<\/p>\n\n\n\n<p>La Kasisto direktos la kontadon de la Asocio, registros kaj prizorgos la sociajn enspezojn kaj elspezojn, intervenante en \u0109iuj ekonomiaj operacioj.<\/p>\n\n\n\n<p>La Kasisto, kun la Trezoristo, formalizos la jaran bu\u011deton de enspezoj kaj elspezoj, same kiel la kontostaton de la anta\u016da jaro kiuj devas esti prezentitaj al la Estraro, por ke \u0109i tiu, siavice, prezenti ilin al la aprobo de la \u011cenerala Kunveno.<\/p>\n\n\n\n<p><strong>Artikolo 16. Devoj de la aliaj Membroj de la Estraro.<\/strong> \u0108iu el la membroj de la Estraro havos la devojn proprajn de sia posteno, same kiel tiuj kiuj devenas el la delegacioj a\u016d komisionoj kiun la Estraro mem konfidos al ili.<\/p>\n\n\n\n<p>Specife, la Sekretario, kaj en lia kazo la Vicsekretario, respondecos pri la plenumo de la nunaj le\u011daj disponoj pri asocioj, gardante la oficialan dokumentaron de la Ento kaj certigante ke la kompetenta organo ricevas la komunika\u0135ojn pri la nomumo de Estraro, la okazigo de \u011ceneralaj Kunvenoj, la \u015dan\u011do de sidejo, la formalizado de la kontostato kaj la aprobo de la jaraj bu\u011detoj.<\/p>\n\n\n\n<p><strong>Artikolo 17. La \u011cenerala Kunveno.<\/strong> La \u011cenerala Kunveno konsistas el \u0109iuj la membroj kaj estas la supera estrara organo de la Asocio, faros siajn decidojn la\u016d la plimulta a\u016d interna demokratia principo, kaj en eksterordinara sesio kiam la nunaj disponoj postulas a\u016d kiam la Estraro decidus, propra iniciate a\u016d kiam petas la dudek procentoj de la membroj.<\/p>\n\n\n\n<p>Devige, la Kunveno estos kunvokita en ordinara sesio unufoje jare en la monato januaro por la jara bilanco kaj aprobi la \u011deneralan agadplanon de la Asocio, cenzuri la administradon de la Estraro, aprobi en sia kazo la jarajn bu\u011detojn de enspezoj kaj elspezoj, same kiel la kontostaton de la anta\u016da jaro.<\/p>\n\n\n\n<p><strong>Artikolo 18. Eksterordinara \u011cenerala Kunveno.<\/strong> La \u011cenerala Kunveno kunvenos en eksterordinara sesio kiam la nunaj disponoj postulas a\u016d kiam la Estraro decidus konsiderante la temojn kiuj devas esti traktataj kaj, en \u0109iu kazo, por koni la sekvantajn temojn: dispono a\u016d alienado de poseda\u0135oj, nomumo de Estraro, peto de deklaro de publika utilo, modifo de Statutoj kaj dissolvo de la Asocio.<\/p>\n\n\n\n<p><strong>Artikolo 19. Kunvoko de \u011ceneralaj Kunvenoj.<\/strong> La kunvokoj de la \u011ceneralaj Kunvenoj, kaj ordinara kaj eksterordinara, estos faritaj skribe, indikante la lokon, daton kaj horon de la kunveno same kiel la tagordon. Inter la kunvoko kaj la tago indikita por la celebrado de la \u011cenerala Kunveno en unua kunvoko devos pasi almen\u016d dek kvin tagoj.<\/p>\n\n\n\n<p>Post duona horo \u011di konstituos en dua kunvoko. En la kazo ke la anoncado ne anta\u016dvidus la daton de la dua kunvoko, \u0109i tiu devos esti farita ok tagojn anta\u016d la dato de la kunveno.<\/p>\n\n\n\n<p><strong>Artikolo 20. Konstituo de la \u011ceneralaj Kunvenoj.<\/strong> La \u011ceneralaj Kunvenoj, kaj ordinara kaj eksterordinara, valide konstituos en unua kunvoko kiam \u0109eestos, persone a\u016d reprezentite, la duono plus unu de la membroj, kaj en dua kunvoko, sendepende de la nombro de \u0109eestantaj membroj.<\/p>\n\n\n\n<p><strong>Artikolo 21. Eksterordinara \u011cenerala Kunveno.<\/strong> La Eksterordinara \u011cenerala Kunveno estos kunvokita de la reprezentanta organo, kiam petas nombro de membroj ne malpli ol 10 procentoj. \u011ci anka\u016d valide konstituos kiam \u0109eestos, persone a\u016d reprezentite, triono de la membroj kaj \u011dia prezidanto kaj sekretario estos elektitaj komence de la kunveno.<\/p>\n\n\n\n<p>La decidoj de la \u011cenerala Kunveno estos faritaj per simpla plimulto de la \u0109eestantoj a\u016d reprezentantoj, kiam la jesa vo\u0109oj superas la neajn. Tamen, ili postulos kvalifikan plimulton de la \u0109eestantoj a\u016d reprezentantoj, kiu rezultos kiam la jesa vo\u0109oj superas la duonon, la decidojn rilate al dissolvo de la asocio, modifo de la Statutoj, dispono a\u016d alienado de poseda\u0135oj a\u016d aliaj anta\u016dviditaj en la Le\u011do.<\/p>\n\n\n\n<h2 class=\"wp-block-heading\">\u0108apitro Tria: Rajtoj kaj Devoj de la Membroj<\/h2>\n\n\n\n<p><strong>Artikolo 22.<\/strong> Povos esti numeraj membroj de la Asocio la plena\u011daj personoj kun jura kapablo agi, kiuj iel ajn havas intereson servi \u011diajn celojn kaj estas akceptitaj de la Estraro, kiu povas doni la titolon de honora membro al la personoj kiuj \u011di konsideras oportunaj, pure honore, sen ke tio donu al ili la juran statuson de membro.<\/p>\n\n\n\n<p>Estas kreita la kondi\u0109o de simpatianta membro, sen vo\u0109donrajto sed ne sen vo\u0109o, por \u0109iuj tiuj personoj plena\u011daj a\u016d ne kiuj deziras doni personan kaj ekonomian kunlaboron en malpli granda mezuro ol la numeraj membroj.<\/p>\n\n\n\n<p><strong>Artikolo 23. Ali\u011do al la Asocio.<\/strong> Tiuj kiuj deziras aparteni al la Asocio petos skribe al la Prezidanto, kiu informos la Estraron, kiu decidos pri la akcepto a\u016d malakcepto de la membro, sen ajna apelo kontra\u016d \u011dia decido.<\/p>\n\n\n\n<p>On ne akiras la statuson de membro \u011dis oni pagas la enirkotizon en la kvanto kaj maniero kiun difinas la Estraro.<\/p>\n\n\n\n<p><strong>Artikolo 24. Eliro de la Membroj.<\/strong> La membroj povas peti sian eliron el la Asocio volontule, sed tio ne liberigos ilin el plenumi la devojn kiuj restas pendaj al \u011di.<\/p>\n\n\n\n<p>La Estraro povas forigi el la Asocio tiujn membrojn kiuj faras agojn kiuj malindigas ilin da\u016dre aparteni al \u011di. La forigo estos anta\u016dita de dosiero en kiu devos esti a\u016ddata la interesato, kaj kontra\u016d la decido de la Estraro eblos apeli al la unua \u011cenerala Kunveno kiu okazos.<\/p>\n\n\n\n<p><strong>Artikolo 25. Rajtoj de la Numeraj Membroj.<\/strong> La numeraj membroj de la Asocio havos la sekvantajn rajtojn: a) Partopreni en la kulturaj agadoj kiun la Asocio promocias kaj en la sociaj agoj kiun \u011di organizas por \u0109iuj la membroj. b) Uzi la rajton de vo\u0109o kaj vo\u0109dono en la \u011ceneralaj Kunvenoj. c) Esti nomumita membro de la Estraro la\u016d la maniero anta\u016dvidita en la statutoj. d) Posedi ekzempleron de \u0109i tiuj Statutoj kaj koni la decidojn faritajn de la estraro. e) Ke oni montru al ili la kontostaton de la enspezoj kaj elspezoj de la Asocio \u0109iujare.<\/p>\n\n\n\n<p>La simpatiantaj membroj, krom vo\u0109o, havos rajton al la aparta\u0135oj a) kaj d) de \u0109i tiu artikolo.<\/p>\n\n\n\n<p><strong>Artikolo 26. Devoj de \u0109iuj la Membroj.<\/strong> Estos devoj de la membroj: a) Respekti la nunajn Statutojn kaj la decidojn valide faritajn de la \u011cenerala Kunveno kaj la Estraro. b) Pagi la enir- kaj periodajn kotizojn kiun decidas la Estraro. c) Plenumi fidele la devojn inherajn al la posteno kiun ili okupas.<\/p>\n\n\n\n<p><strong>Artikolo 27. Sankcia Re\u011dimo.<\/strong> La membroj povas esti sankciitaj de la Estraro pro ripeta malobservo de la nunaj Statutoj a\u016d la decidoj de la \u011cenerala Kunveno a\u016d de la Estraro. La sankcioj povas inkludi la suspendon de siaj rajtoj dum unu monato \u011dis la fina forigo el la Asocio la\u016d la terminoj anta\u016dviditaj en la artikolo 24.<\/p>\n\n\n\n<h2 class=\"wp-block-heading\">\u0108apitro 4. Pri la Ekonomia Re\u011dimo<\/h2>\n\n\n\n<p><strong>Artikolo 28.<\/strong> La fonda poseda\u0135o de la Asocio sumi\u011das al 601 e\u016droj kaj la limo de la jara bu\u011deto ne superos dek du mil dudek e\u016drojn.<\/p>\n\n\n\n<p><strong>Artikolo 29. Ekonomiaj Rimedoj.<\/strong> La ekonomiaj rimedoj anta\u016dviditaj por la disvolvi\u011do de la sociaj agadoj estos la sekvantaj: a) La enirkotizoj kiun difinas la Estraro. b) La periodaj kotizoj kiun decidas la sama. c) La produktoj de la poseda\u0135oj kaj rajtoj kiuj apartenas al \u011di, same kiel la subvencioj, heredoj, donacoj kiuj \u011di povas ricevi la\u016dle\u011de.<\/p>\n\n\n\n<p>La enspezoj kiuj la Asocio akiras per la la\u016dle\u011daj agadoj kiun decidas fari la Estraro, \u0109iam ene de la statutaj celoj, sen ke en ajna kazo eblas ties disdono inter la membroj a\u016d inter iliaj edzoj a\u016d personoj kiuj kunvivu kun tiuj kun simila afekcia rilato, a\u016d inter iliaj parencoj, a\u016d ties senpaga cedado al fizikaj a\u016d juraj personoj kun profitcelo.<\/p>\n\n\n\n<p><strong>Artikolo 30.<\/strong> La administrado de la monrimedoj de la Asocio estos farita submetita al respektiva intervencio kaj kun sufi\u0109a publikeco, por ke la membroj povas periodule koni la destinon de la monrimedoj, sen dama\u011do de la rajto indikita al tiu \u0109i rilate en la aparta\u0135o e) de la artikolo 25 de \u0109i tiuj Statutoj.<\/p>\n\n\n\n<p><strong>Artikolo 31.<\/strong> En kazo de dissolvo de la Asocio pro la ka\u016dzoj anta\u016dviditaj en \u0109i tiuj Statutoj kaj, en manko de tio, pro la volo de la membroj, esprimita en \u011cenerala Kunveno kunvokita por tio, same kiel pro la ka\u016dzoj difinitaj en la artikolo 39 de la Civila Kodo kaj pro firma ju\u011da verdikto, la \u011cenerala Kunveno kiu decidas la dissolvon nomos likvidan komisionon, konsistanta el kvin membroj el tiuj de la Estraro, kiu prizorgos la ekzistantajn monrimedojn, por ke, post pagado de la devoj, la resto, se ekzistos, estos donita al ajna la\u016dle\u011de konstituita ento kiu dedi\u0109as sin al samaj a\u016d, en manko de tio, similaj celoj kiel tiuj de la Asocio.<\/p>\n\n\n\n<p><\/p>\n","protected":false},"excerpt":{"rendered":"<p>\u0108apitro 1. Nomado, Sidejo, Kampo, Celoj kaj Agadoj Artikolo 1. Nomado. En la urbo Valencio estas konstituita asocio, kiu nomi\u011das &#8220;Grupo Esperanto Valencia&#8221; kaj regos la\u016d la nuna Organika Le\u011do 1\/2002, de la 22-a de marto, kiu reguligas la Rajton de Asocio kaj la\u016d la nunaj statuto. Artikolo 2. Celoj kaj Agadoj. La celoj kaj [&hellip;]<\/p>\n","protected":false},"author":2,"featured_media":0,"parent":68,"menu_order":0,"comment_status":"closed","ping_status":"closed","template":"","meta":{"_locale":"eo","_original_post":"https:\/\/valencia.esperanto.es\/ttt\/?page_id=354","footnotes":""},"class_list":["post-359","page","type-page","status-publish","hentry","eo"],"_links":{"self":[{"href":"https:\/\/valencia.esperanto.es\/wp-json\/wp\/v2\/pages\/359","targetHints":{"allow":["GET"]}}],"collection":[{"href":"https:\/\/valencia.esperanto.es\/wp-json\/wp\/v2\/pages"}],"about":[{"href":"https:\/\/valencia.esperanto.es\/wp-json\/wp\/v2\/types\/page"}],"author":[{"embeddable":true,"href":"https:\/\/valencia.esperanto.es\/wp-json\/wp\/v2\/users\/2"}],"replies":[{"embeddable":true,"href":"https:\/\/valencia.esperanto.es\/wp-json\/wp\/v2\/comments?post=359"}],"version-history":[{"count":2,"href":"https:\/\/valencia.esperanto.es\/wp-json\/wp\/v2\/pages\/359\/revisions"}],"predecessor-version":[{"id":974,"href":"https:\/\/valencia.esperanto.es\/wp-json\/wp\/v2\/pages\/359\/revisions\/974"}],"up":[{"embeddable":true,"href":"https:\/\/valencia.esperanto.es\/wp-json\/wp\/v2\/pages\/68"}],"wp:attachment":[{"href":"https:\/\/valencia.esperanto.es\/wp-json\/wp\/v2\/media?parent=359"}],"curies":[{"name":"wp","href":"https:\/\/api.w.org\/{rel}","templated":true}]}}