{"id":203,"date":"2020-10-27T14:43:26","date_gmt":"2020-10-27T13:43:26","guid":{"rendered":"https:\/\/valencia.esperanto.es\/ttt\/?page_id=203"},"modified":"2020-10-27T14:45:04","modified_gmt":"2020-10-27T13:45:04","slug":"com-ajudar","status":"publish","type":"page","link":"https:\/\/valencia.esperanto.es\/eo\/nia-asocio\/com-ajudar\/","title":{"rendered":"Kiel helpi"},"content":{"rendered":"\n<p>No es prec\u00eds donar diners per a ajudar.  Ens manquen una s\u00e9rie d&#8217;objectes que ens farien la seu m\u00e9s agradable. <\/p>\n\n\n\n<ul class=\"wp-block-list\"><li>mikroondo<\/li><li>segxoj&#8230;. <\/li><li><\/li><\/ul>\n\n\n\n<p><\/p>\n","protected":false},"excerpt":{"rendered":"<p>No es prec\u00eds donar diners per a ajudar. Ens manquen una s\u00e9rie d&#8217;objectes que ens farien la seu m\u00e9s agradable. mikroondo segxoj&#8230;.<\/p>\n","protected":false},"author":2,"featured_media":0,"parent":68,"menu_order":0,"comment_status":"closed","ping_status":"closed","template":"","meta":{"_locale":"eo","_original_post":"https:\/\/valencia.esperanto.es\/ttt\/?page_id=118","footnotes":""},"class_list":["post-203","page","type-page","status-publish","hentry","eo"],"_links":{"self":[{"href":"https:\/\/valencia.esperanto.es\/wp-json\/wp\/v2\/pages\/203","targetHints":{"allow":["GET"]}}],"collection":[{"href":"https:\/\/valencia.esperanto.es\/wp-json\/wp\/v2\/pages"}],"about":[{"href":"https:\/\/valencia.esperanto.es\/wp-json\/wp\/v2\/types\/page"}],"author":[{"embeddable":true,"href":"https:\/\/valencia.esperanto.es\/wp-json\/wp\/v2\/users\/2"}],"replies":[{"embeddable":true,"href":"https:\/\/valencia.esperanto.es\/wp-json\/wp\/v2\/comments?post=203"}],"version-history":[{"count":1,"href":"https:\/\/valencia.esperanto.es\/wp-json\/wp\/v2\/pages\/203\/revisions"}],"predecessor-version":[{"id":205,"href":"https:\/\/valencia.esperanto.es\/wp-json\/wp\/v2\/pages\/203\/revisions\/205"}],"up":[{"embeddable":true,"href":"https:\/\/valencia.esperanto.es\/wp-json\/wp\/v2\/pages\/68"}],"wp:attachment":[{"href":"https:\/\/valencia.esperanto.es\/wp-json\/wp\/v2\/media?parent=203"}],"curies":[{"name":"wp","href":"https:\/\/api.w.org\/{rel}","templated":true}]}}